{"id":89,"date":"2023-09-08T16:52:04","date_gmt":"2023-09-08T14:52:04","guid":{"rendered":"https:\/\/sarprimecall.com\/?page_id=89"},"modified":"2023-10-02T17:39:25","modified_gmt":"2023-10-02T15:39:25","slug":"accueil","status":"publish","type":"page","link":"https:\/\/sarprimecall.com\/","title":{"rendered":"Accueil"},"content":{"rendered":"<style>\/*! elementor - v3.16.0 - 14-09-2023 *\/\n.elementor-heading-title{padding:0;margin:0;line-height:1}.elementor-widget-heading .elementor-heading-title[class*=elementor-size-]>a{color:inherit;font-size:inherit;line-height:inherit}.elementor-widget-heading .elementor-heading-title.elementor-size-small{font-size:15px}.elementor-widget-heading .elementor-heading-title.elementor-size-medium{font-size:19px}.elementor-widget-heading .elementor-heading-title.elementor-size-large{font-size:29px}.elementor-widget-heading .elementor-heading-title.elementor-size-xl{font-size:39px}.elementor-widget-heading .elementor-heading-title.elementor-size-xxl{font-size:59px}<\/style>\n<h6>SARPRIMECALL<\/h6>\n<h1>R\u00e9volutionner la g\u00e9n\u00e9ration de leads et de prise de Rendez-vous.<\/h1>\n<h5>De la vente de services t\u00e9l\u00e9phoniques, de la mod\u00e9ration de contenus aux prises de rendez-vous, nous fournissons des services ind\u00e9pendants et personnalis\u00e9s pour vos besoins.<br \/>\n<\/h5>\n<p>\t\t\t<a href=\"https:\/\/sarprimecall.com\/index.php\/contact\/\"><br \/>\n\t\t\t\t\t\tNous contacter<br \/>\n\t\t\t\t\t<\/a><\/p>\n<style>\/*! elementor - v3.16.0 - 14-09-2023 *\/\n.elementor-widget-image{text-align:center}.elementor-widget-image a{display:inline-block}.elementor-widget-image a img[src$=\".svg\"]{width:48px}.elementor-widget-image img{vertical-align:middle;display:inline-block}<\/style>\n<p>\t\t\t\t\t\t\t\t\t\t\t\t<img decoding=\"async\" width=\"920\" height=\"720\" src=\"https:\/\/sarprimecall.com\/wp-content\/uploads\/2023\/09\/img_9.png\" alt=\"\" loading=\"lazy\" srcset=\"https:\/\/sarprimecall.com\/wp-content\/uploads\/2023\/09\/img_9.png 920w, https:\/\/sarprimecall.com\/wp-content\/uploads\/2023\/09\/img_9-300x235.png 300w, https:\/\/sarprimecall.com\/wp-content\/uploads\/2023\/09\/img_9-768x601.png 768w\" sizes=\"auto, (max-width: 920px) 100vw, 920px\" \/><br \/>\n\t\t\t\t\t\t\t\t\t\t\t\t\t\t\t<img decoding=\"async\" src=\"https:\/\/sarprimecall.com\/wp-content\/uploads\/elementor\/thumbs\/img__0007_Layer-1-qc43ia578nnz4wyj4yeej12kk5qtfq8hljgm12ggzk.jpg\" title=\"img__0007_Layer-1.jpg\" alt=\"img__0007_Layer-1.jpg\" loading=\"lazy\" \/><br \/>\n\t\t\t\t\t\t\t\t\t\t\t\t\t\t\t<img decoding=\"async\" src=\"https:\/\/sarprimecall.com\/wp-content\/uploads\/elementor\/thumbs\/img__0006_Layer-2-qc43ib31fhpeko98khh58asj9088gwc0l1hk0l1tds.jpg\" title=\"img__0006_Layer-2.jpg\" alt=\"img__0006_Layer-2.jpg\" loading=\"lazy\" \/><br \/>\n\t\t\t\t\t\t\t\t\t\t\t\t\t\t\t<img decoding=\"async\" src=\"https:\/\/sarprimecall.com\/wp-content\/uploads\/elementor\/thumbs\/img__0002_Layer-6-qc43icypt5ru3qufohma8icycbcx2tjolxf2gwcagw.jpg\" title=\"img__0002_Layer-6.jpg\" alt=\"img__0002_Layer-6.jpg\" loading=\"lazy\" \/><br \/>\n\t\t\t\t\t\t\t\t\t\t\t\t\t\t\t<img decoding=\"async\" src=\"https:\/\/sarprimecall.com\/wp-content\/uploads\/elementor\/thumbs\/img__0003_Layer-5-qc43idwjzzt6h0jhylw5nppez32pf3uj7emc5gye4g.jpg\" title=\"img__0003_Layer-5.jpg\" alt=\"img__0003_Layer-5.jpg\" loading=\"lazy\" \/><br \/>\n\t\t\t\t\t\t\t\t\t\t\t\t\t\t\t<img decoding=\"async\" width=\"1080\" height=\"757\" src=\"https:\/\/sarprimecall.com\/wp-content\/uploads\/2023\/09\/call-center-5.jpg\" alt=\"\" loading=\"lazy\" srcset=\"https:\/\/sarprimecall.com\/wp-content\/uploads\/2023\/09\/call-center-5.jpg 1080w, https:\/\/sarprimecall.com\/wp-content\/uploads\/2023\/09\/call-center-5-300x210.jpg 300w, https:\/\/sarprimecall.com\/wp-content\/uploads\/2023\/09\/call-center-5-1024x718.jpg 1024w, https:\/\/sarprimecall.com\/wp-content\/uploads\/2023\/09\/call-center-5-768x538.jpg 768w\" sizes=\"auto, (max-width: 1080px) 100vw, 1080px\" \/>\t\t\t\t\t\t\t\t\t\t\t\t\t\t\t<\/p>\n<h6>Qui somme nous?<\/h6>\n<h2>SAR PrimeCall est une entreprise sp\u00e9cialis\u00e9e dans plusieurs domaines tel le marketing digital, la prospection t\u00e9l\u00e9phonique, le recrutement et la relation client.<\/h2>\n<p>\t\t\t<a href=\"https:\/\/sarprimecall.com\/index.php\/nos-services\/\"><br \/>\n\t\t\t\t\t\tEn savoir plus<br \/>\n\t\t\t\t\t<\/a><\/p>\n<h6>Ce que nous faisons<\/h6>\n<h2>\u00c9lever votre entreprise vers de nouveaux sommets<br \/>\n<\/h2>\n<link rel=\"stylesheet\" href=\"https:\/\/sarprimecall.com\/wp-content\/plugins\/elementor\/assets\/css\/widget-icon-box.min.css\">\n<h5>\n\t\t\t\t\t\tProspection<br \/>\n\t\t\t\t<\/h5>\n<p>\n\t\t\t\t\t\tNos experts sp\u00e9cialis\u00e9s en t\u00e9l\u00e9communications vous accompagnent pour booster vos revenus ainsi que votre performance commerciale.\t\t\t\t\t<\/p>\n<p>\t\t\t\t\t\t\t<a href=\"https:\/\/sarprimecall.com\/index.php\/nos-services\/\" ><br \/>\n\t\t\t\t\tVoir plus<br \/>\n\t\t\t\t\t<svg aria-hidden=\"true\" viewBox=\"0 0 512 512\" xmlns=\"http:\/\/www.w3.org\/2000\/svg\"><path d=\"M256 8c137 0 248 111 248 248S393 504 256 504 8 393 8 256 119 8 256 8zM140 300h116v70.9c0 10.7 13 16.1 20.5 8.5l114.3-114.9c4.7-4.7 4.7-12.2 0-16.9l-114.3-115c-7.6-7.6-20.5-2.2-20.5 8.5V212H140c-6.6 0-12 5.4-12 12v64c0 6.6 5.4 12 12 12z\"><\/path><\/svg><br \/>\n\t\t\t\t<\/a><\/p>\n<h5>\n\t\t\t\t\t\tAcquisition client<br \/>\n\t\t\t\t<\/h5>\n<p>\n\t\t\t\t\t\tAcqu\u00e9rir de nouveaux clients est vital \u00e0 toute entreprise. Pour r\u00e9ussir, il faut savoir qui cibler, quand, o\u00f9 et comment. \t\t\t\t\t<\/p>\n<p>\t\t\t\t\t\t\t<a href=\"https:\/\/sarprimecall.com\/index.php\/nos-services\/\" ><br \/>\n\t\t\t\t\tVoir plus<br \/>\n\t\t\t\t\t<svg aria-hidden=\"true\" viewBox=\"0 0 512 512\" xmlns=\"http:\/\/www.w3.org\/2000\/svg\"><path d=\"M256 8c137 0 248 111 248 248S393 504 256 504 8 393 8 256 119 8 256 8zM140 300h116v70.9c0 10.7 13 16.1 20.5 8.5l114.3-114.9c4.7-4.7 4.7-12.2 0-16.9l-114.3-115c-7.6-7.6-20.5-2.2-20.5 8.5V212H140c-6.6 0-12 5.4-12 12v64c0 6.6 5.4 12 12 12z\"><\/path><\/svg><br \/>\n\t\t\t\t<\/a><\/p>\n<h5>\n\t\t\t\t\t\tSupport Client<br \/>\n\t\t\t\t<\/h5>\n<p>\n\t\t\t\t\t\tNotre \u00e9quipe de support client d\u00e9di\u00e9e est toujours \u00e0 votre disposition, pr\u00eate \u00e0 r\u00e9pondre \u00e0 vos questions et \u00e0 r\u00e9soudre vos probl\u00e8mes\t\t\t\t\t<\/p>\n<p>\t\t\t\t\t\t\t<a href=\"https:\/\/sarprimecall.com\/index.php\/nos-services\/\" ><br \/>\n\t\t\t\t\tVoir plus<br \/>\n\t\t\t\t\t<svg aria-hidden=\"true\" viewBox=\"0 0 512 512\" xmlns=\"http:\/\/www.w3.org\/2000\/svg\"><path d=\"M256 8c137 0 248 111 248 248S393 504 256 504 8 393 8 256 119 8 256 8zM140 300h116v70.9c0 10.7 13 16.1 20.5 8.5l114.3-114.9c4.7-4.7 4.7-12.2 0-16.9l-114.3-115c-7.6-7.6-20.5-2.2-20.5 8.5V212H140c-6.6 0-12 5.4-12 12v64c0 6.6 5.4 12 12 12z\"><\/path><\/svg><br \/>\n\t\t\t\t<\/a><br \/>\n\t\t\t\t\t\t\t\t\t\t\t\t\t\t\t<img decoding=\"async\" width=\"600\" height=\"800\" src=\"https:\/\/sarprimecall.com\/wp-content\/uploads\/2023\/09\/img_7.png\" alt=\"\" loading=\"lazy\" srcset=\"https:\/\/sarprimecall.com\/wp-content\/uploads\/2023\/09\/img_7.png 600w, https:\/\/sarprimecall.com\/wp-content\/uploads\/2023\/09\/img_7-225x300.png 225w\" sizes=\"auto, (max-width: 600px) 100vw, 600px\" \/><br \/>\n\t\t\t\t\t\t\t\t\t\t\t\t\t\t\t<img decoding=\"async\" src=\"https:\/\/sarprimecall.com\/wp-content\/uploads\/elementor\/thumbs\/img__0007_Layer-1-qc43ia578nnz4wyj4yeej12kk5qtfq8hljgm12ggzk.jpg\" title=\"img__0007_Layer-1.jpg\" alt=\"img__0007_Layer-1.jpg\" loading=\"lazy\" \/><br \/>\n\t\t\t\t\t\t\t\t\t\t\t\t\t\t\t<img decoding=\"async\" src=\"https:\/\/sarprimecall.com\/wp-content\/uploads\/elementor\/thumbs\/img__0006_Layer-2-qc43ib31fhpeko98khh58asj9088gwc0l1hk0l1tds.jpg\" title=\"img__0006_Layer-2.jpg\" alt=\"img__0006_Layer-2.jpg\" loading=\"lazy\" \/><br \/>\n\t\t\t\t\t\t\t\t\t\t\t\t\t\t\t<img decoding=\"async\" src=\"https:\/\/sarprimecall.com\/wp-content\/uploads\/elementor\/thumbs\/img__0002_Layer-6-qc43icypt5ru3qufohma8icycbcx2tjolxf2gwcagw.jpg\" title=\"img__0002_Layer-6.jpg\" alt=\"img__0002_Layer-6.jpg\" loading=\"lazy\" \/><br \/>\n\t\t\t\t\t\t\t\t\t\t\t\t\t\t\t<img decoding=\"async\" src=\"https:\/\/sarprimecall.com\/wp-content\/uploads\/elementor\/thumbs\/img__0003_Layer-5-qc43idwjzzt6h0jhylw5nppez32pf3uj7emc5gye4g.jpg\" title=\"img__0003_Layer-5.jpg\" alt=\"img__0003_Layer-5.jpg\" loading=\"lazy\" \/>\t\t\t\t\t\t\t\t\t\t\t\t\t\t\t<\/p>\n<h6>Pourquoi nous choisir ?<\/h6>\n<h2>Nous aidons votre entreprise \u00e0 se d\u00e9velopper rapidement.<br \/>\n<\/h2>\n<link rel=\"stylesheet\" href=\"https:\/\/sarprimecall.com\/wp-content\/plugins\/elementor\/assets\/css\/widget-icon-list.min.css\">\n<ul>\n<li>\n\t\t\t\t\t\t\t<svg aria-hidden=\"true\" viewBox=\"0 0 512 512\" xmlns=\"http:\/\/www.w3.org\/2000\/svg\"><path d=\"M504 256c0 136.967-111.033 248-248 248S8 392.967 8 256 119.033 8 256 8s248 111.033 248 248zM227.314 387.314l184-184c6.248-6.248 6.248-16.379 0-22.627l-22.627-22.627c-6.248-6.249-16.379-6.249-22.628 0L216 308.118l-70.059-70.059c-6.248-6.248-16.379-6.248-22.628 0l-22.627 22.627c-6.248 6.248-6.248 16.379 0 22.627l104 104c6.249 6.249 16.379 6.249 22.628.001z\"><\/path><\/svg><br \/>\n\t\t\t\t\t\t\t\t\t\tTechnologie innovante\n\t\t\t\t\t\t\t\t\t<\/li>\n<\/ul>\n<ul>\n<li>\n\t\t\t\t\t\t\t<svg aria-hidden=\"true\" viewBox=\"0 0 512 512\" xmlns=\"http:\/\/www.w3.org\/2000\/svg\"><path d=\"M504 256c0 136.967-111.033 248-248 248S8 392.967 8 256 119.033 8 256 8s248 111.033 248 248zM227.314 387.314l184-184c6.248-6.248 6.248-16.379 0-22.627l-22.627-22.627c-6.248-6.249-16.379-6.249-22.628 0L216 308.118l-70.059-70.059c-6.248-6.248-16.379-6.248-22.628 0l-22.627 22.627c-6.248 6.248-6.248 16.379 0 22.627l104 104c6.249 6.249 16.379 6.249 22.628.001z\"><\/path><\/svg><br \/>\n\t\t\t\t\t\t\t\t\t\tProcessus exclusifs\n\t\t\t\t\t\t\t\t\t<\/li>\n<\/ul>\n<ul>\n<li>\n\t\t\t\t\t\t\t<svg aria-hidden=\"true\" viewBox=\"0 0 512 512\" xmlns=\"http:\/\/www.w3.org\/2000\/svg\"><path d=\"M504 256c0 136.967-111.033 248-248 248S8 392.967 8 256 119.033 8 256 8s248 111.033 248 248zM227.314 387.314l184-184c6.248-6.248 6.248-16.379 0-22.627l-22.627-22.627c-6.248-6.249-16.379-6.249-22.628 0L216 308.118l-70.059-70.059c-6.248-6.248-16.379-6.248-22.628 0l-22.627 22.627c-6.248 6.248-6.248 16.379 0 22.627l104 104c6.249 6.249 16.379 6.249 22.628.001z\"><\/path><\/svg><br \/>\n\t\t\t\t\t\t\t\t\t\tTalents internationaux\n\t\t\t\t\t\t\t\t\t<\/li>\n<\/ul>\n<ul>\n<li>\n\t\t\t\t\t\t\t<svg aria-hidden=\"true\" viewBox=\"0 0 512 512\" xmlns=\"http:\/\/www.w3.org\/2000\/svg\"><path d=\"M504 256c0 136.967-111.033 248-248 248S8 392.967 8 256 119.033 8 256 8s248 111.033 248 248zM227.314 387.314l184-184c6.248-6.248 6.248-16.379 0-22.627l-22.627-22.627c-6.248-6.249-16.379-6.249-22.628 0L216 308.118l-70.059-70.059c-6.248-6.248-16.379-6.248-22.628 0l-22.627 22.627c-6.248 6.248-6.248 16.379 0 22.627l104 104c6.249 6.249 16.379 6.249 22.628.001z\"><\/path><\/svg><br \/>\n\t\t\t\t\t\t\t\t\t\tSatisfaction garantie \u00e0 100%\n\t\t\t\t\t\t\t\t\t<\/li>\n<\/ul>\n<p>Tous s\u2019int\u00e8grent dans une strat\u00e9gie unique, \u00e9labor\u00e9e sur mesure pour les besoins de votre entreprise.<\/p>\n<p>De la vente de services t\u00e9l\u00e9phoniques, de la mod\u00e9ration de contenus au prises de rendez-vous, nous fournissons des services ind\u00e9pendants et personnalis\u00e9s pour vos besoins.<\/p>\n<p>\t\t\t<a href=\"https:\/\/sarprimecall.com\/index.php\/nos-services\/\"><br \/>\n\t\t\t\t\t\tEn savoir plus<br \/>\n\t\t\t\t\t<\/a><\/p>\n<h6>Des services innovants<br \/>\n<\/h6>\n<p>\t\t\tLes clients sont l\u2019\u00e9l\u00e9ment vital \u00e0 toute entreprise.<\/p>\n<p>Le march\u00e9 ultra-concurrentiel actuel leur offre un choix jusqu\u2019alors in\u00e9dit. Nos agents sont form\u00e9s pour exceller dans la comunication, la n\u00e9gociation et la gestion de client\u00e8le.\u00a0<\/p>\n<p>Gr\u00e2ce \u00e0 nos approches individualis\u00e9es nous garantissant des r\u00e9sultats exceptionnels pour nos partenaires.<\/p>\n<p>\t\t\t<a href=\"#\"><br \/>\n\t\t\t\t\t\tEn savoir plus<br \/>\n\t\t\t\t\t<\/a><\/p>\n<h6>Comment \u00e7a marche<\/h6>\n<h2>Un service facile \u00e0 obtenir<\/h2>\n<h5>\n\t\t\t\t\t\t1. Consultation avec nos experts<br \/>\n\t\t\t\t<\/h5>\n<h5>\n\t\t\t\t\t\t2. Evaluation stratat\u00e9gique de vos besoins<br \/>\n\t\t\t\t<\/h5>\n<h5>\n\t\t\t\t\t\t3. Mise en place de la prospection<br \/>\n\t\t\t\t<\/h5>\n<h5>\n\t\t\t\t\t\t4. Rapport de l&#8217;\u00e9tat d&#8217;avancement<br \/>\n\t\t\t\t<\/h5>\n<h2>SAR PrimeCall votre partenaire de confiance<br \/>\n<\/h2>\n<p>Notre engagement envers la satisfaction client et notre expertise in\u00e9gal\u00e9e font de nous le choix \u00e9vident pour votre entreprise.<\/p>\n<p>Notre equipe se distingue par son centre d&#8217;excellence, de transparence et de performance.<\/p>\n<p><a href=\"?playlist=&amp;mute=0&amp;autoplay=0&amp;loop=no&amp;controls=0&amp;start=0&amp;end=\" aria-label=\"video-popup\"><br \/>\n\t\t\t\t\t\t<\/a><br \/>\n\t\t\t<a href=\"https:\/\/sarprimecall.com\/index.php\/nos-services\/\"><br \/>\n\t\t\t\t\t\tEn savoir plus<br \/>\n\t\t\t\t\t<\/a><\/p>\n<h6>T\u00e9moignages<\/h6>\n<h2>Ce qu&#8217;ils disent de nous.<br \/>\n<\/h2>\n<link rel=\"stylesheet\" href=\"https:\/\/sarprimecall.com\/wp-content\/plugins\/pro-elements\/assets\/css\/widget-carousel.min.css\">\n\t\t\t\t\t\tDepuis que nous avons commenc\u00e9 \u00e0 travailler avec Sarprimecall, notre service client\u00e8le n&#8217;a jamais \u00e9t\u00e9 aussi efficace. Leur \u00e9quipe d\u00e9vou\u00e9e et professionnelle nous a permis de r\u00e9pondre aux besoins de nos clients de mani\u00e8re exceptionnelle.&#8221;<br \/>\n\t\t\t\t\t\t\t\t<cite>Stephane O.Courtier Immobilier<\/cite><br \/>\n\t\t\t\t\t\tNous sommes ravis de la collaboration avec Sarprimecall. Leur service personnalis\u00e9 et leur compr\u00e9hension approfondie de nos besoins sp\u00e9cifiques ont contribu\u00e9 \u00e0 renforcer notre image de marque et \u00e0 fid\u00e9liser nos clients.<br \/>\n\t\t\t\t\t\t\t\t<cite>Massyl Djemai&#8230;&#8230;&#8230;<\/cite><br \/>\n\t\t\t\t\t\t\t\t\t\t\t\t\t\t\t<img decoding=\"async\" width=\"1080\" height=\"721\" src=\"https:\/\/sarprimecall.com\/wp-content\/uploads\/2023\/09\/call-center-1.jpg\" alt=\"\" loading=\"lazy\" srcset=\"https:\/\/sarprimecall.com\/wp-content\/uploads\/2023\/09\/call-center-1.jpg 1080w, https:\/\/sarprimecall.com\/wp-content\/uploads\/2023\/09\/call-center-1-300x200.jpg 300w, https:\/\/sarprimecall.com\/wp-content\/uploads\/2023\/09\/call-center-1-1024x684.jpg 1024w, https:\/\/sarprimecall.com\/wp-content\/uploads\/2023\/09\/call-center-1-768x513.jpg 768w\" sizes=\"auto, (max-width: 1080px) 100vw, 1080px\" \/><\/p>\n","protected":false},"excerpt":{"rendered":"<p>SARPRIMECALL R\u00e9volutionner la g\u00e9n\u00e9ration de leads et de prise de Rendez-vous. De la vente de services t\u00e9l\u00e9phoniques, de la mod\u00e9ration de contenus aux prises de rendez-vous, nous fournissons des services ind\u00e9pendants et personnalis\u00e9s pour vos besoins. Nous contacter Qui somme nous? SAR PrimeCall est une entreprise sp\u00e9cialis\u00e9e dans plusieurs domaines tel le marketing digital, la [&hellip;]<\/p>\n","protected":false},"author":1,"featured_media":0,"parent":0,"menu_order":0,"comment_status":"closed","ping_status":"closed","template":"elementor_header_footer","meta":{"_monsterinsights_skip_tracking":false,"_monsterinsights_sitenote_active":false,"_monsterinsights_sitenote_note":"","_monsterinsights_sitenote_category":0,"footnotes":""},"class_list":["post-89","page","type-page","status-publish","hentry"],"_links":{"self":[{"href":"https:\/\/sarprimecall.com\/index.php\/wp-json\/wp\/v2\/pages\/89","targetHints":{"allow":["GET"]}}],"collection":[{"href":"https:\/\/sarprimecall.com\/index.php\/wp-json\/wp\/v2\/pages"}],"about":[{"href":"https:\/\/sarprimecall.com\/index.php\/wp-json\/wp\/v2\/types\/page"}],"author":[{"embeddable":true,"href":"https:\/\/sarprimecall.com\/index.php\/wp-json\/wp\/v2\/users\/1"}],"replies":[{"embeddable":true,"href":"https:\/\/sarprimecall.com\/index.php\/wp-json\/wp\/v2\/comments?post=89"}],"version-history":[{"count":245,"href":"https:\/\/sarprimecall.com\/index.php\/wp-json\/wp\/v2\/pages\/89\/revisions"}],"predecessor-version":[{"id":651,"href":"https:\/\/sarprimecall.com\/index.php\/wp-json\/wp\/v2\/pages\/89\/revisions\/651"}],"wp:attachment":[{"href":"https:\/\/sarprimecall.com\/index.php\/wp-json\/wp\/v2\/media?parent=89"}],"curies":[{"name":"wp","href":"https:\/\/api.w.org\/{rel}","templated":true}]}}