{"id":139,"date":"2023-09-10T01:17:12","date_gmt":"2023-09-09T23:17:12","guid":{"rendered":"https:\/\/sarprimecall.com\/?page_id=139"},"modified":"2023-09-20T15:10:46","modified_gmt":"2023-09-20T13:10:46","slug":"nos-services","status":"publish","type":"page","link":"https:\/\/sarprimecall.com\/index.php\/nos-services\/","title":{"rendered":"Nos services"},"content":{"rendered":"<link rel=\"stylesheet\" href=\"https:\/\/sarprimecall.com\/wp-content\/plugins\/elementor\/assets\/css\/widget-icon-list.min.css\">\n<ul>\n<li>\n\t\t\t\t\t\t\t\t\t\tHome\n\t\t\t\t\t\t\t\t\t<\/li>\n<li>\n\t\t\t\t\t\t\t\t\t<\/li>\n<\/ul>\n<style>\/*! elementor - v3.16.0 - 14-09-2023 *\/\n.elementor-heading-title{padding:0;margin:0;line-height:1}.elementor-widget-heading .elementor-heading-title[class*=elementor-size-]>a{color:inherit;font-size:inherit;line-height:inherit}.elementor-widget-heading .elementor-heading-title.elementor-size-small{font-size:15px}.elementor-widget-heading .elementor-heading-title.elementor-size-medium{font-size:19px}.elementor-widget-heading .elementor-heading-title.elementor-size-large{font-size:29px}.elementor-widget-heading .elementor-heading-title.elementor-size-xl{font-size:39px}.elementor-widget-heading .elementor-heading-title.elementor-size-xxl{font-size:59px}<\/style>\n<h6>Nos Services<\/h6>\n<h2>Prospection<br \/>\n<\/h2>\n<p>Des experts pour maximiser vos valeurs et revenus.<br \/>Nos experts sp\u00e9cialis\u00e9s en t\u00e9l\u00e9communications vous accompagnent pour booster vos revenus ainsi que votre performance commerciale.<\/p>\n<ul>\n<li>\n\t\t\t\t\t\t\t\t\t\tNos strat\u00e9gies de communication sont con\u00e7ues pour r\u00e9pondre \u00e0 tous types de besoins commerciaux.\n\t\t\t\t\t\t\t\t\t<\/li>\n<\/ul>\n<style>\/*! elementor - v3.16.0 - 14-09-2023 *\/\n.elementor-widget-image{text-align:center}.elementor-widget-image a{display:inline-block}.elementor-widget-image a img[src$=\".svg\"]{width:48px}.elementor-widget-image img{vertical-align:middle;display:inline-block}<\/style>\n<p>\t\t\t\t\t\t\t\t\t\t\t\t<img decoding=\"async\" width=\"4937\" height=\"3292\" src=\"https:\/\/sarprimecall.com\/wp-content\/uploads\/2023\/09\/coaching-training-and-help-with-business-people-in-call-center-for-telemarketing-customer-support.jpg\" alt=\"Coaching, training and help with business people in call center for telemarketing, customer support\" loading=\"lazy\" srcset=\"https:\/\/sarprimecall.com\/wp-content\/uploads\/2023\/09\/coaching-training-and-help-with-business-people-in-call-center-for-telemarketing-customer-support.jpg 4937w, https:\/\/sarprimecall.com\/wp-content\/uploads\/2023\/09\/coaching-training-and-help-with-business-people-in-call-center-for-telemarketing-customer-support-300x200.jpg 300w, https:\/\/sarprimecall.com\/wp-content\/uploads\/2023\/09\/coaching-training-and-help-with-business-people-in-call-center-for-telemarketing-customer-support-1024x683.jpg 1024w, https:\/\/sarprimecall.com\/wp-content\/uploads\/2023\/09\/coaching-training-and-help-with-business-people-in-call-center-for-telemarketing-customer-support-768x512.jpg 768w, https:\/\/sarprimecall.com\/wp-content\/uploads\/2023\/09\/coaching-training-and-help-with-business-people-in-call-center-for-telemarketing-customer-support-1536x1024.jpg 1536w, https:\/\/sarprimecall.com\/wp-content\/uploads\/2023\/09\/coaching-training-and-help-with-business-people-in-call-center-for-telemarketing-customer-support-2048x1366.jpg 2048w\" sizes=\"auto, (max-width: 4937px) 100vw, 4937px\" \/><br \/>\n\t\t\t\t\t\t\t\t\t\t\t\t\t\t\t<img decoding=\"async\" width=\"7008\" height=\"4672\" src=\"https:\/\/sarprimecall.com\/wp-content\/uploads\/2023\/09\/business-people-handshake-greeting-deal-acquisition-successful-negotiation-concept-.jpg\" alt=\"Business People Handshake Greeting Deal. acquisition, successful negotiation concept.\" loading=\"lazy\" srcset=\"https:\/\/sarprimecall.com\/wp-content\/uploads\/2023\/09\/business-people-handshake-greeting-deal-acquisition-successful-negotiation-concept-.jpg 7008w, https:\/\/sarprimecall.com\/wp-content\/uploads\/2023\/09\/business-people-handshake-greeting-deal-acquisition-successful-negotiation-concept--300x200.jpg 300w, https:\/\/sarprimecall.com\/wp-content\/uploads\/2023\/09\/business-people-handshake-greeting-deal-acquisition-successful-negotiation-concept--1024x683.jpg 1024w, https:\/\/sarprimecall.com\/wp-content\/uploads\/2023\/09\/business-people-handshake-greeting-deal-acquisition-successful-negotiation-concept--768x512.jpg 768w, https:\/\/sarprimecall.com\/wp-content\/uploads\/2023\/09\/business-people-handshake-greeting-deal-acquisition-successful-negotiation-concept--1536x1024.jpg 1536w, https:\/\/sarprimecall.com\/wp-content\/uploads\/2023\/09\/business-people-handshake-greeting-deal-acquisition-successful-negotiation-concept--2048x1365.jpg 2048w\" sizes=\"auto, (max-width: 7008px) 100vw, 7008px\" \/>\t\t\t\t\t\t\t\t\t\t\t\t\t\t\t<\/p>\n<h6>Nos Services<\/h6>\n<h2>Acquisition client<\/h2>\n<p>Acqu\u00e9rir de nouveaux clients est vital \u00e0 toute entreprise. Pour r\u00e9ussir, il faut savoir qui cibler, quand, o\u00f9 et comment.<\/p>\n<p>Nos experts en t\u00e9l\u00e9communications vous aident \u00e0 identifier les bons prospects et \u00e0 interagir avec eux, quel que soit le canal.\u00a0<\/p>\n<ul>\n<li>\n\t\t\t\t\t\t\t\t\t\tA la cl\u00e9, un meilleur taux de conversion et de meilleures exp\u00e9riences clients. Avec nos technologies, analyses et expertises, nous attirons et transformons vos opportunit\u00e9s clients.\n\t\t\t\t\t\t\t\t\t<\/li>\n<\/ul>\n<p>Gr\u00e2ce \u00e0 nos services de Prospection nous vous cr\u00e9ons des leads, des rendez-vous et des relations durables et pr\u00e9cieuses avec vos clients.<\/p>\n<h4>Nous aidons votre entreprise \u00e0 se d\u00e9velopper et \u00e0 prosp\u00e9rer.<\/h4>\n<h6>Des services innovants<br \/>\n<\/h6>\n<p>\t\t\tLes clients sont l\u2019\u00e9l\u00e9ment vital \u00e0 toute entreprise.<\/p>\n<p>Le march\u00e9 ultra-concurrentiel actuel leur offre un choix jusqu\u2019alors in\u00e9dit.<\/p>\n<p>Leur utilisation des m\u00e9dias sociaux r\u00e9v\u00e8le aussi la forte influence qu\u2019ils ont sur les propri\u00e9t\u00e9s. Avec un tel choix et une telle influence, ils attendent d\u00e9sormais davantage, surtout en temps de crise.<\/p>\n<p>Nos services vous aident \u00e0 interagir et renforcer vos relations gr\u00e2ce \u00e0 des prospections efficaces et significatives, vous permettant de g\u00e9n\u00e9rer un maximum de Rendez-vous et de clients potentiels.<\/p>\n<p>\t\t\t<a href=\"#\"><br \/>\n\t\t\t\t\t\tEn savoir plus<br \/>\n\t\t\t\t\t<\/a><br \/>\n\t\t\t\t\t\t\t\t\t\t\t\t\t\t\t<img decoding=\"async\" width=\"7934\" height=\"5292\" src=\"https:\/\/sarprimecall.com\/wp-content\/uploads\/2023\/09\/your-information-is-loaded-on-our-system-shot-of-a-businesswoman-working-in-a-call-centre-.jpg\" alt=\"Your information is loaded on our system. Shot of a businesswoman working in a call centre.\" loading=\"lazy\" srcset=\"https:\/\/sarprimecall.com\/wp-content\/uploads\/2023\/09\/your-information-is-loaded-on-our-system-shot-of-a-businesswoman-working-in-a-call-centre-.jpg 7934w, https:\/\/sarprimecall.com\/wp-content\/uploads\/2023\/09\/your-information-is-loaded-on-our-system-shot-of-a-businesswoman-working-in-a-call-centre--300x200.jpg 300w, https:\/\/sarprimecall.com\/wp-content\/uploads\/2023\/09\/your-information-is-loaded-on-our-system-shot-of-a-businesswoman-working-in-a-call-centre--1024x683.jpg 1024w, https:\/\/sarprimecall.com\/wp-content\/uploads\/2023\/09\/your-information-is-loaded-on-our-system-shot-of-a-businesswoman-working-in-a-call-centre--768x512.jpg 768w, https:\/\/sarprimecall.com\/wp-content\/uploads\/2023\/09\/your-information-is-loaded-on-our-system-shot-of-a-businesswoman-working-in-a-call-centre--1536x1025.jpg 1536w, https:\/\/sarprimecall.com\/wp-content\/uploads\/2023\/09\/your-information-is-loaded-on-our-system-shot-of-a-businesswoman-working-in-a-call-centre--2048x1366.jpg 2048w\" sizes=\"auto, (max-width: 7934px) 100vw, 7934px\" \/>\t\t\t\t\t\t\t\t\t\t\t\t\t\t\t<\/p>\n<h6>FAQ<\/h6>\n<h2>Frequently Ask Questions.<\/h2>\n<style>\/*! elementor - v3.16.0 - 14-09-2023 *\/\n.elementor-widget-divider{--divider-border-style:none;--divider-border-width:1px;--divider-color:#0c0d0e;--divider-icon-size:20px;--divider-element-spacing:10px;--divider-pattern-height:24px;--divider-pattern-size:20px;--divider-pattern-url:none;--divider-pattern-repeat:repeat-x}.elementor-widget-divider .elementor-divider{display:flex}.elementor-widget-divider .elementor-divider__text{font-size:15px;line-height:1;max-width:95%}.elementor-widget-divider .elementor-divider__element{margin:0 var(--divider-element-spacing);flex-shrink:0}.elementor-widget-divider .elementor-icon{font-size:var(--divider-icon-size)}.elementor-widget-divider .elementor-divider-separator{display:flex;margin:0;direction:ltr}.elementor-widget-divider--view-line_icon .elementor-divider-separator,.elementor-widget-divider--view-line_text .elementor-divider-separator{align-items:center}.elementor-widget-divider--view-line_icon .elementor-divider-separator:after,.elementor-widget-divider--view-line_icon .elementor-divider-separator:before,.elementor-widget-divider--view-line_text .elementor-divider-separator:after,.elementor-widget-divider--view-line_text .elementor-divider-separator:before{display:block;content:\"\";border-bottom:0;flex-grow:1;border-top:var(--divider-border-width) var(--divider-border-style) var(--divider-color)}.elementor-widget-divider--element-align-left .elementor-divider .elementor-divider-separator>.elementor-divider__svg:first-of-type{flex-grow:0;flex-shrink:100}.elementor-widget-divider--element-align-left .elementor-divider-separator:before{content:none}.elementor-widget-divider--element-align-left .elementor-divider__element{margin-left:0}.elementor-widget-divider--element-align-right .elementor-divider .elementor-divider-separator>.elementor-divider__svg:last-of-type{flex-grow:0;flex-shrink:100}.elementor-widget-divider--element-align-right .elementor-divider-separator:after{content:none}.elementor-widget-divider--element-align-right .elementor-divider__element{margin-right:0}.elementor-widget-divider:not(.elementor-widget-divider--view-line_text):not(.elementor-widget-divider--view-line_icon) .elementor-divider-separator{border-top:var(--divider-border-width) var(--divider-border-style) var(--divider-color)}.elementor-widget-divider--separator-type-pattern{--divider-border-style:none}.elementor-widget-divider--separator-type-pattern.elementor-widget-divider--view-line .elementor-divider-separator,.elementor-widget-divider--separator-type-pattern:not(.elementor-widget-divider--view-line) .elementor-divider-separator:after,.elementor-widget-divider--separator-type-pattern:not(.elementor-widget-divider--view-line) .elementor-divider-separator:before,.elementor-widget-divider--separator-type-pattern:not([class*=elementor-widget-divider--view]) .elementor-divider-separator{width:100%;min-height:var(--divider-pattern-height);-webkit-mask-size:var(--divider-pattern-size) 100%;mask-size:var(--divider-pattern-size) 100%;-webkit-mask-repeat:var(--divider-pattern-repeat);mask-repeat:var(--divider-pattern-repeat);background-color:var(--divider-color);-webkit-mask-image:var(--divider-pattern-url);mask-image:var(--divider-pattern-url)}.elementor-widget-divider--no-spacing{--divider-pattern-size:auto}.elementor-widget-divider--bg-round{--divider-pattern-repeat:round}.rtl .elementor-widget-divider .elementor-divider__text{direction:rtl}.e-con-inner>.elementor-widget-divider,.e-con>.elementor-widget-divider{width:var(--container-widget-width,100%);--flex-grow:var(--container-widget-flex-grow)}<\/style>\n<p>                        <a href=\"#collapse-96c5e2b650aef56a4230\" data-ekit-toggle=\"collapse\" data-target=\"#Collapse-96c5e2b650aef56a4230\" aria-expanded=\"true\" aria-controls=\"Collapse-96c5e2b650aef56a4230\"><br \/>\n                            Odio montes sed dui rutrum suscipit?<br \/>\n                                        <!-- Normal Icon --><br \/>\n                                        <!-- Active Icon --><br \/>\n                                                    <\/a><\/p>\n<p>Bibendum sapien ultrices adipiscing eu inceptos dolor. Cras sollicitudin curabitur sodales lectus lacus. Condimentum diam sit mus semper eget efficitur.<\/p>\n<p>                <!-- .elementskit-card END --><br \/>\n                        <a href=\"#collapse-f001bd6650aef56a4230\" data-ekit-toggle=\"collapse\" data-target=\"#Collapse-f001bd6650aef56a4230\" aria-expanded=\"false\" aria-controls=\"Collapse-f001bd6650aef56a4230\"><br \/>\n                            Pellentesque rutrum augue inceptos neque habitant?<br \/>\n                                        <!-- Normal Icon --><br \/>\n                                        <!-- Active Icon --><br \/>\n                                                    <\/a><\/p>\n<p>Bibendum sapien ultrices adipiscing eu inceptos dolor. Cras sollicitudin curabitur sodales lectus lacus. Condimentum diam sit mus semper eget efficitur.<\/p>\n<p>                <!-- .elementskit-card END --><br \/>\n                        <a href=\"#collapse-37e88aa650aef56a4230\" data-ekit-toggle=\"collapse\" data-target=\"#Collapse-37e88aa650aef56a4230\" aria-expanded=\"false\" aria-controls=\"Collapse-37e88aa650aef56a4230\"><br \/>\n                            Arcu et nec litora interdum?<br \/>\n                                        <!-- Normal Icon --><br \/>\n                                        <!-- Active Icon --><br \/>\n                                                    <\/a><\/p>\n<p>Bibendum sapien ultrices adipiscing eu inceptos dolor. Cras sollicitudin curabitur sodales lectus lacus. Condimentum diam sit mus semper eget efficitur.<\/p>\n<p>                <!-- .elementskit-card END --><br \/>\n                        <a href=\"#collapse-82e2b04650aef56a4230\" data-ekit-toggle=\"collapse\" data-target=\"#Collapse-82e2b04650aef56a4230\" aria-expanded=\"false\" aria-controls=\"Collapse-82e2b04650aef56a4230\"><br \/>\n                            Vivamus quam mattis bibendum odio?<br \/>\n                                        <!-- Normal Icon --><br \/>\n                                        <!-- Active Icon --><br \/>\n                                                    <\/a><\/p>\n<p>Bibendum sapien ultrices adipiscing eu inceptos dolor. Cras sollicitudin curabitur sodales lectus lacus. Condimentum diam sit mus semper eget efficitur.<\/p>\n<p>                <!-- .elementskit-card END --><br \/>\n                        <a href=\"#collapse-65f8255650aef56a4230\" data-ekit-toggle=\"collapse\" data-target=\"#Collapse-65f8255650aef56a4230\" aria-expanded=\"false\" aria-controls=\"Collapse-65f8255650aef56a4230\"><br \/>\n                            Nulla conubia fermentum turpis risus?<br \/>\n                                        <!-- Normal Icon --><br \/>\n                                        <!-- Active Icon --><br \/>\n                                                    <\/a><\/p>\n<p>Bibendum sapien ultrices adipiscing eu inceptos dolor. Cras sollicitudin curabitur sodales lectus lacus. Condimentum diam sit mus semper eget efficitur.<\/p>\n<p>                <!-- .elementskit-card END --><\/p>\n<style>\/*! elementor - v3.16.0 - 14-09-2023 *\/\n.elementor-widget-image-carousel .swiper,.elementor-widget-image-carousel .swiper-container{position:static}.elementor-widget-image-carousel .swiper-container .swiper-slide figure,.elementor-widget-image-carousel .swiper .swiper-slide figure{line-height:inherit}.elementor-widget-image-carousel .swiper-slide{text-align:center}.elementor-image-carousel-wrapper:not(.swiper-container-initialized):not(.swiper-initialized) .swiper-slide{max-width:calc(100% \/ var(--e-image-carousel-slides-to-show, 3))}<\/style>\n<figure><img decoding=\"async\" src=\"https:\/\/sarprimecall.com\/wp-content\/uploads\/2023\/09\/logo-11.png\" alt=\"logo-11.png\" \/><\/figure>\n<figure><img decoding=\"async\" src=\"https:\/\/sarprimecall.com\/wp-content\/uploads\/2023\/09\/logo-5.png\" alt=\"logo-5.png\" \/><\/figure>\n<figure><img decoding=\"async\" src=\"https:\/\/sarprimecall.com\/wp-content\/uploads\/2023\/09\/logo-4.png\" alt=\"logo-4.png\" \/><\/figure>\n<figure><img decoding=\"async\" src=\"https:\/\/sarprimecall.com\/wp-content\/uploads\/2023\/09\/logo-3.png\" alt=\"logo-3.png\" \/><\/figure>\n<figure><img decoding=\"async\" src=\"https:\/\/sarprimecall.com\/wp-content\/uploads\/2023\/09\/logo-1.png\" alt=\"logo-1.png\" \/><\/figure>\n<figure><img decoding=\"async\" src=\"https:\/\/sarprimecall.com\/wp-content\/uploads\/2023\/09\/logo-2.png\" alt=\"logo-2.png\" \/><\/figure>\n","protected":false},"excerpt":{"rendered":"<p>Home Nos Services Prospection Des experts pour maximiser vos valeurs et revenus.Nos experts sp\u00e9cialis\u00e9s en t\u00e9l\u00e9communications vous accompagnent pour booster vos revenus ainsi que votre performance commerciale. Nos strat\u00e9gies de communication sont con\u00e7ues pour r\u00e9pondre \u00e0 tous types de besoins commerciaux. Nos Services Acquisition client Acqu\u00e9rir de nouveaux clients est vital \u00e0 toute entreprise. Pour [&hellip;]<\/p>\n","protected":false},"author":1,"featured_media":0,"parent":0,"menu_order":0,"comment_status":"closed","ping_status":"closed","template":"elementor_header_footer","meta":{"_monsterinsights_skip_tracking":false,"_monsterinsights_sitenote_active":false,"_monsterinsights_sitenote_note":"","_monsterinsights_sitenote_category":0,"footnotes":""},"class_list":["post-139","page","type-page","status-publish","hentry"],"_links":{"self":[{"href":"https:\/\/sarprimecall.com\/index.php\/wp-json\/wp\/v2\/pages\/139","targetHints":{"allow":["GET"]}}],"collection":[{"href":"https:\/\/sarprimecall.com\/index.php\/wp-json\/wp\/v2\/pages"}],"about":[{"href":"https:\/\/sarprimecall.com\/index.php\/wp-json\/wp\/v2\/types\/page"}],"author":[{"embeddable":true,"href":"https:\/\/sarprimecall.com\/index.php\/wp-json\/wp\/v2\/users\/1"}],"replies":[{"embeddable":true,"href":"https:\/\/sarprimecall.com\/index.php\/wp-json\/wp\/v2\/comments?post=139"}],"version-history":[{"count":67,"href":"https:\/\/sarprimecall.com\/index.php\/wp-json\/wp\/v2\/pages\/139\/revisions"}],"predecessor-version":[{"id":642,"href":"https:\/\/sarprimecall.com\/index.php\/wp-json\/wp\/v2\/pages\/139\/revisions\/642"}],"wp:attachment":[{"href":"https:\/\/sarprimecall.com\/index.php\/wp-json\/wp\/v2\/media?parent=139"}],"curies":[{"name":"wp","href":"https:\/\/api.w.org\/{rel}","templated":true}]}}